{"id":141,"date":"2017-11-30T16:10:21","date_gmt":"2017-11-30T15:10:21","guid":{"rendered":"http:\/\/tranfic-fizio-medica.com\/?page_id=141"},"modified":"2017-12-05T17:52:51","modified_gmt":"2017-12-05T16:52:51","slug":"expert-team","status":"publish","type":"page","link":"https:\/\/www.tranfic-fizio-medical.hr\/en\/about-us\/expert-team\/","title":{"rendered":"Expert team"},"content":{"rendered":"<div class=\"vc_separator wpb_content_element vc_separator_align_left vc_sep_width_100 vc_sep_pos_align_center vc_sep_color_grey vc_separator-has-text\">\n<h4>EXPERT TEAM<\/h4>\n<\/div>\n<div class=\"wpb_text_column wpb_content_element \">\n<div class=\"wpb_wrapper\">\n<p>Tranfi\u0107 Polyclinic\u2019s expert team was formed, educated and perfected according to the patients\u2019 needs and as such it is ready to meet the greatest challenges in the field of the loco motor system treatment. Apart from that, we cooperate with a number of experts in related fields, such as orthopaedic surgeons, neurosurgeons, sports medicine specialists and others. We also use their consulting services in the Tranfi\u0107 Polyclinic.<\/p>\n<\/div>\n<\/div>\n<div class=\"vc_separator wpb_content_element vc_separator_align_left vc_sep_width_100 vc_sep_pos_align_center vc_sep_color_grey vc_separator-has-text\">\n<h4>Vinko Tranfi\u0107, senior physiotherapist<\/h4>\n<p><a href=\"https:\/\/www.tranfic-fizio-medical.hr\/wp-content\/uploads\/2017\/12\/vinko.jpg\" data-rel=\"lightbox-image-0\" data-rl_title=\"\" data-rl_caption=\"\" title=\"\"><img loading=\"lazy\" decoding=\"async\" class=\"alignleft wp-image-295 size-medium\" src=\"https:\/\/www.tranfic-fizio-medical.hr\/wp-content\/uploads\/2017\/12\/vinko-200x300.jpg\" alt=\"\" width=\"200\" height=\"300\" srcset=\"https:\/\/www.tranfic-fizio-medical.hr\/wp-content\/uploads\/2017\/12\/vinko-200x300.jpg 200w, https:\/\/www.tranfic-fizio-medical.hr\/wp-content\/uploads\/2017\/12\/vinko.jpg 526w\" sizes=\"auto, (max-width: 200px) 100vw, 200px\" \/><\/a><\/p>\n<\/div>\n<div class=\"gap\">\u00a0Vinko Tranfi\u0107 was born in Split on 21 November 1969. He got a degree in physiotherapy on 10 September 1991 as the best student in his generation of physical therapy studies in Rijeka. After an internship at the Clinical Hospital Split, he took the state exam in Zagreb. For two years he worked with the doctors from Ukraine who trained him in biomechanical therapy of the spine and joints, i.e. manual medicine. A year later he acquired a certificate in mechanical diagnostics and therapy of the spine of the famous Australian McKenzie School. He is active in a private practice, and he works with a number of top athletes, but also with the general population. In 2001 he founded the Tranfi\u0107 Polyclinic for Physical Medicine and Rehabilitation in Split. In addition to that, the Tranfi\u0107 Physio-Medical Centre in Ka\u0161tel Novi still exists, as well as the company that produces orthopaedic insoles, back belts and neck bands.<\/div>\n<div class=\"wpb_text_column wpb_content_element \">\n<div class=\"wpb_wrapper\">\n<p>In 2005 he finished and released a DVD programme \u201cExercises for the Back\u201d (<em>Vje\u017ebe za le\u0111a<\/em>) with Blanka Vla\u0161i\u0107. In the same year he won a bronze medal for the back belt in the category innovation in medicine, at the International Exhibition of Invention in Geneva. In 2006 he published and promoted a new sport \u201cSPLITBALL\u201d which attracted great public attention. He participated in the Olympic Games in Athens in 2004, the Mediterranean Games in Almeria in 2005, and the preparations for the Olympic Games in Beijing in 2008. His innovative product \u201celastic band for neck control\u201d became the EU patent in 2010. The invention \u201ctable for balancing the spine\u201d was promoted in 2010, and improved in 2011.<\/p>\n<\/div>\n<\/div>\n","protected":false},"excerpt":{"rendered":"<p>EXPERT TEAM Tranfi\u0107 Polyclinic\u2019s expert team was formed, educated and perfected according to the patients\u2019 needs and as such it is ready to meet the greatest challenges in the field of the loco motor system treatment. Apart from that, we cooperate with a number of experts in related fields, such as orthopaedic surgeons, neurosurgeons, sports&hellip;<\/p>\n","protected":false},"author":1,"featured_media":0,"parent":137,"menu_order":0,"comment_status":"closed","ping_status":"closed","template":"","meta":[],"class_list":["post-141","page","type-page","status-publish","hentry","description-off"],"_links":{"self":[{"href":"https:\/\/www.tranfic-fizio-medical.hr\/en\/wp-json\/wp\/v2\/pages\/141","targetHints":{"allow":["GET"]}}],"collection":[{"href":"https:\/\/www.tranfic-fizio-medical.hr\/en\/wp-json\/wp\/v2\/pages"}],"about":[{"href":"https:\/\/www.tranfic-fizio-medical.hr\/en\/wp-json\/wp\/v2\/types\/page"}],"author":[{"embeddable":true,"href":"https:\/\/www.tranfic-fizio-medical.hr\/en\/wp-json\/wp\/v2\/users\/1"}],"replies":[{"embeddable":true,"href":"https:\/\/www.tranfic-fizio-medical.hr\/en\/wp-json\/wp\/v2\/comments?post=141"}],"version-history":[{"count":3,"href":"https:\/\/www.tranfic-fizio-medical.hr\/en\/wp-json\/wp\/v2\/pages\/141\/revisions"}],"predecessor-version":[{"id":455,"href":"https:\/\/www.tranfic-fizio-medical.hr\/en\/wp-json\/wp\/v2\/pages\/141\/revisions\/455"}],"up":[{"embeddable":true,"href":"https:\/\/www.tranfic-fizio-medical.hr\/en\/wp-json\/wp\/v2\/pages\/137"}],"wp:attachment":[{"href":"https:\/\/www.tranfic-fizio-medical.hr\/en\/wp-json\/wp\/v2\/media?parent=141"}],"curies":[{"name":"wp","href":"https:\/\/api.w.org\/{rel}","templated":true}]}}