{"id":195,"date":"2017-11-30T16:15:51","date_gmt":"2017-11-30T15:15:51","guid":{"rendered":"http:\/\/tranfic-fizio-medica.com\/?page_id=195"},"modified":"2017-12-05T18:05:56","modified_gmt":"2017-12-05T17:05:56","slug":"the-seat-for-exercises","status":"publish","type":"page","link":"https:\/\/www.tranfic-fizio-medical.hr\/en\/products\/the-seat-for-exercises\/","title":{"rendered":"The seat for exercises"},"content":{"rendered":"<h4 class=\"gap\">THE SEAT FOR EXERCISES<\/h4>\n<p><a href=\"https:\/\/www.tranfic-fizio-medical.hr\/wp-content\/uploads\/2017\/12\/stolica_vjezbalica.jpg\" data-rel=\"lightbox-image-0\" data-rl_title=\"\" data-rl_caption=\"\" title=\"\"><img loading=\"lazy\" decoding=\"async\" class=\"alignleft wp-image-271 size-medium\" src=\"https:\/\/www.tranfic-fizio-medical.hr\/wp-content\/uploads\/2017\/12\/stolica_vjezbalica-200x300.jpg\" alt=\"\" width=\"200\" height=\"300\" srcset=\"https:\/\/www.tranfic-fizio-medical.hr\/wp-content\/uploads\/2017\/12\/stolica_vjezbalica-200x300.jpg 200w, https:\/\/www.tranfic-fizio-medical.hr\/wp-content\/uploads\/2017\/12\/stolica_vjezbalica.jpg 526w\" sizes=\"auto, (max-width: 200px) 100vw, 200px\" \/><\/a><\/p>\n<p>In everyday practice we meet people claiming that they do not have much free time to do exercises. Thus, we decided to create a device with a large frame in the middle of it. One can stretch the spine in the right direction while watching TV, talking on the phone or surfing the Internet.<\/p>\n<p>Our seat for exercises is suitable for the correction of poor posture and spinal deformities, particularly due to its capacity for static strengthening of one group of muscles, while stretching the same group of muscles on the other side.<\/p>\n<p>It offers great opportunities for climbing exercises. As the physiotherapists have discovered about 15 climbing variants so far, they exclude any possibility of boredom during one hour training session. All muscles of legs, abdomen and deep back muscles work intensively. What is more, one can do other asymmetric exercises and thus \u201cdrag\u201d the correction of his\/her body from \u201chead to toes\u201d.<\/p>\n<p>Because of the framework, which provides the intensive work of the muscles and climbing control, there is minimal possibility of injury. On the other hand, the consumption of calories is extremely large (aerobic training).<\/p>\n<p>When doing climbing exercises for 2-3 minutes a couple of times during working hours one eliminates the negative effects of longtime sitting.<\/p>\n<p>Eccentric contractions of leg muscles (including buttocks muscles) prevent the accumulation of cellulite. The seat for exercises provides targeted strength exercises, shaping in such a way the abdomen, the buttocks, the legs, the back, the chest and the shoulders.<\/p>\n<p>This innovation has opened a number of opportunities in the rehabilitation of the musculoskeletal system and respiratory diseases, in the therapies after a stroke, for children with cerebral palsy and other neurological diseases.<\/p>\n<p>The seat is economical and ideal for group work at home, in offices, on playgrounds, on campsites, at hotels, at motorway rest areas, at airports, at companies\u2026 The seat is particularly useful for sport players as it is ideal as a bench for reserve players because they hold their spine in a much better position and they really rest themselves on it in contrast to the existing ones on which they breathe shallowly (70 % of the waste is eliminated from the body by breathing). In fact, by doing this, players get tired.<\/p>\n<p>The seat can be made of wood for the interior design. It can also be made of metal or stone for parks and promenade lanes. It is easily cleaned and transported. The user of the seat, with a minimum involvement, can not only achieve a fantastic result, but also intensively do exercises.<\/p>\n<p>We have invented over 100 exercises, you can see most of them on our\u00a0<a href=\"https:\/\/www.facebook.com\/TranficFizioMedical\/\" target=\"_blank\" rel=\"noopener\">Facebook page<\/a><\/p>\n<h4><em>Proizvodi, patenti, autorstva<\/em><\/h4>\n<p><em>Proizvodi Poliklinike Tranfi\u0107 nastali su kao posljedica \u017eelje za pobolj\u0161anjem terapije i prevencije pacijenata. Budu\u0107i da su nam principi terapije zasnovani na uzrocima o\u0161te\u0107enja \u2013 biomehanici, na\u0161e proizvode stvaramo na istom principu. Cilj je unaprijediti i skratiti potrebno lije\u010denje, te ga s preventivom u\u010diniti dostupnijim, prakti\u010dnijim i povoljnijim. Kako je tro\u0161enje kralje\u017enice i ostalih zglobova prebrzo u odnosu na \u017eivotni i radni vijek na\u0161a misija je sa\u010duvati ih i zadr\u017eati zdravim i funkcionalnim \u0161to dulje.<\/em><\/p>\n","protected":false},"excerpt":{"rendered":"<p>THE SEAT FOR EXERCISES In everyday practice we meet people claiming that they do not have much free time to do exercises. Thus, we decided to create a device with a large frame in the middle of it. One can stretch the spine in the right direction while watching TV, talking on the phone or&hellip;<\/p>\n","protected":false},"author":1,"featured_media":0,"parent":183,"menu_order":0,"comment_status":"closed","ping_status":"closed","template":"","meta":[],"class_list":["post-195","page","type-page","status-publish","hentry","description-off"],"_links":{"self":[{"href":"https:\/\/www.tranfic-fizio-medical.hr\/en\/wp-json\/wp\/v2\/pages\/195","targetHints":{"allow":["GET"]}}],"collection":[{"href":"https:\/\/www.tranfic-fizio-medical.hr\/en\/wp-json\/wp\/v2\/pages"}],"about":[{"href":"https:\/\/www.tranfic-fizio-medical.hr\/en\/wp-json\/wp\/v2\/types\/page"}],"author":[{"embeddable":true,"href":"https:\/\/www.tranfic-fizio-medical.hr\/en\/wp-json\/wp\/v2\/users\/1"}],"replies":[{"embeddable":true,"href":"https:\/\/www.tranfic-fizio-medical.hr\/en\/wp-json\/wp\/v2\/comments?post=195"}],"version-history":[{"count":5,"href":"https:\/\/www.tranfic-fizio-medical.hr\/en\/wp-json\/wp\/v2\/pages\/195\/revisions"}],"predecessor-version":[{"id":473,"href":"https:\/\/www.tranfic-fizio-medical.hr\/en\/wp-json\/wp\/v2\/pages\/195\/revisions\/473"}],"up":[{"embeddable":true,"href":"https:\/\/www.tranfic-fizio-medical.hr\/en\/wp-json\/wp\/v2\/pages\/183"}],"wp:attachment":[{"href":"https:\/\/www.tranfic-fizio-medical.hr\/en\/wp-json\/wp\/v2\/media?parent=195"}],"curies":[{"name":"wp","href":"https:\/\/api.w.org\/{rel}","templated":true}]}}